{"id":1026,"date":"2017-01-07T13:02:54","date_gmt":"2017-01-07T13:02:54","guid":{"rendered":"http:\/\/www.tauromundo.es\/?page_id=1026"},"modified":"2025-09-19T18:21:30","modified_gmt":"2025-09-19T18:21:30","slug":"inscripciones","status":"publish","type":"page","link":"https:\/\/www.tauromundo.es\/?page_id=1026","title":{"rendered":"Inscripci\u00f3n"},"content":{"rendered":"\n<h3 class=\"wp-block-heading\"><span style=\"color: #993300;\">\u2022 Formas de Inscripci\u00f3n<\/span><\/h3>\n\n\n\n<p>1.&nbsp; A trav\u00e9s de esta propia web, rellenando y enviando el formulario adjunto al final.<\/p>\n\n\n\n<p>2.&nbsp; A trav\u00e9s de correo ordinario a: ASOCIACI\u00d3N TAUROMUNDO\/\/C\/ Jerez, 14-2\u00baC &#8211; Ronda 29400 (M\u00e1laga).<\/p>\n\n\n\n<p>3.&nbsp; A trav\u00e9s del correo electr\u00f3nico <a href=\"mailto:asociaciontauromundo@gmail.com\">asociaciontauromundo@gmail.com<\/a>, escaneando el formulario&nbsp;y envi\u00e1ndolo debidamente rellenado.<\/p>\n\n\n\n<h3 class=\"wp-block-heading\"><span style=\"color: #993300;\"><strong>\u2022 Instrucciones para la Inscripci\u00f3n:<\/strong><\/span><\/h3>\n\n\n\n<p>1. Rellene correctamente todos los campos del formulario de inscripci\u00f3n.<\/p>\n\n\n\n<p>2. Realice la transferencia bancaria que le corresponda, seg\u00fan la modalidad, a:<\/p>\n\n\n\n<p>CC\/CC <strong>UNICAJA<\/strong>:\u00a0 IBAN: ES16 2103 0166 3500 3003 2152<\/p>\n\n\n\n<p><strong>-Inscripci\u00f3n \u00danica:<\/strong> <strong>185<\/strong><b>&nbsp;euros.<\/b><\/p>\n\n\n\n<p>Bolsa congresista. Diploma de asistencia. Regalo a congresista. Asistencia a ponencias y mesas de debate. Asistencia al tentadero. Traslado en autob\u00fas al tentadero. C\u00f3ctel-cena de bienvenida jornada inaugural. Cena de Gala, entrega de Premios Tauromundo. Comida de despedida tras el tentadero.<\/p>\n\n\n\n<p>3. Adjunte justificante bancario o de la transferencia de haber realizado el ingreso de la cuota correspondiente y env\u00edenosla al correo electr\u00f3nico:&nbsp;<a href=\"mailto:asociaciontauromundo@gmail.com\">asociaciontauromundo@gmail.com<\/a><\/p>\n\n\n\n<p>4. La inscripci\u00f3n ser\u00e1 confirmada por la organizaci\u00f3n, una vez recibida toda la documentaci\u00f3n y transferencia, o bien por correo electr\u00f3nico o por llamada telef\u00f3nica.<\/p>\n\n\n\n<iframe loading=\"lazy\" src=\"https:\/\/docs.google.com\/forms\/d\/e\/1FAIpQLScqOQbVvJlgskN67sqTEhuiYaN4phlFlllTiT4o-OXcrFWPPA\/viewform?embedded=true\" width=\"640\" height=\"1411\" frameborder=\"0\" marginheight=\"0\" marginwidth=\"0\">Cargando\u2026<\/iframe>\n\n\n\n<hr class=\"wp-block-separator has-alpha-channel-opacity\"\/>\n","protected":false},"excerpt":{"rendered":"<p>\u2022 Formas de Inscripci\u00f3n 1.&nbsp; A trav\u00e9s de esta propia web, rellenando y enviando el formulario adjunto al final. 2.&nbsp; A trav\u00e9s de correo ordinario a: ASOCIACI\u00d3N TAUROMUNDO\/\/C\/ Jerez, 14-2\u00baC &#8211; Ronda 29400 (M\u00e1laga). 3.&nbsp; A trav\u00e9s del correo electr\u00f3nico asociaciontauromundo@gmail.com, escaneando el formulario&nbsp;y envi\u00e1ndolo debidamente rellenado. \u2022 Instrucciones para la Inscripci\u00f3n: 1. Rellene correctamente<a class=\"moretag\" href=\"https:\/\/www.tauromundo.es\/?page_id=1026\"><span class=\"screen-reader-text\">Leer m\u00e1s sobre Inscripci\u00f3n<\/span>[&#8230;]<\/a><\/p>\n","protected":false},"author":1,"featured_media":0,"parent":0,"menu_order":0,"comment_status":"closed","ping_status":"closed","template":"","meta":{"two_page_speed":[],"footnotes":""},"class_list":["post-1026","page","type-page","status-publish","hentry"],"_links":{"self":[{"href":"https:\/\/www.tauromundo.es\/index.php?rest_route=\/wp\/v2\/pages\/1026","targetHints":{"allow":["GET"]}}],"collection":[{"href":"https:\/\/www.tauromundo.es\/index.php?rest_route=\/wp\/v2\/pages"}],"about":[{"href":"https:\/\/www.tauromundo.es\/index.php?rest_route=\/wp\/v2\/types\/page"}],"author":[{"embeddable":true,"href":"https:\/\/www.tauromundo.es\/index.php?rest_route=\/wp\/v2\/users\/1"}],"replies":[{"embeddable":true,"href":"https:\/\/www.tauromundo.es\/index.php?rest_route=%2Fwp%2Fv2%2Fcomments&post=1026"}],"version-history":[{"count":34,"href":"https:\/\/www.tauromundo.es\/index.php?rest_route=\/wp\/v2\/pages\/1026\/revisions"}],"predecessor-version":[{"id":1489,"href":"https:\/\/www.tauromundo.es\/index.php?rest_route=\/wp\/v2\/pages\/1026\/revisions\/1489"}],"wp:attachment":[{"href":"https:\/\/www.tauromundo.es\/index.php?rest_route=%2Fwp%2Fv2%2Fmedia&parent=1026"}],"curies":[{"name":"wp","href":"https:\/\/api.w.org\/{rel}","templated":true}]}}