{"id":44,"date":"2016-12-25T19:46:23","date_gmt":"2016-12-25T19:46:23","guid":{"rendered":"http:\/\/www.tauromundo.es\/?page_id=44"},"modified":"2025-09-18T17:10:47","modified_gmt":"2025-09-18T17:10:47","slug":"acerca-de","status":"publish","type":"page","link":"https:\/\/www.tauromundo.es\/?page_id=44","title":{"rendered":"Normas"},"content":{"rendered":"<h3 style=\"text-align: center;\">NORMAS PARA LOS CONGRESISTAS<\/h3>\n<p style=\"text-align: center;\"><strong><span style=\"color: #993300;\">DERECHOS Y DEBERES<img loading=\"lazy\" decoding=\"async\" class=\"aligncenter size-large wp-image-1406\" src=\"http:\/\/www.tauromundo.es\/wp-content\/uploads\/2025\/09\/540874887_811627391192612_6083676804704859395_n-742x1024.jpg\" alt=\"\" width=\"730\" height=\"1007\" srcset=\"https:\/\/www.tauromundo.es\/wp-content\/uploads\/2025\/09\/540874887_811627391192612_6083676804704859395_n-742x1024.jpg 742w, https:\/\/www.tauromundo.es\/wp-content\/uploads\/2025\/09\/540874887_811627391192612_6083676804704859395_n-217x300.jpg 217w, https:\/\/www.tauromundo.es\/wp-content\/uploads\/2025\/09\/540874887_811627391192612_6083676804704859395_n-768x1060.jpg 768w, https:\/\/www.tauromundo.es\/wp-content\/uploads\/2025\/09\/540874887_811627391192612_6083676804704859395_n.jpg 898w\" sizes=\"auto, (max-width: 730px) 100vw, 730px\" \/><\/span><\/strong><u style=\"font-size: revert;\">Introducci\u00f3n<\/u><span style=\"font-size: revert;\">.-<\/span><\/p>\n<p>La Bienal Internacional de la Tauromaquia pretende ser una ventana abierta al mundo, donde cada dos a\u00f1os tratemos en profundidad la historia y la actualidad del toreo, en estos momentos de dificultad para nuestra Fiesta Nacional, y que nos servir\u00e1 para reivindicarla como un hecho cultural y art\u00edstico, como patrimonio mundial de todos, y que merece ser mejor conocida y comprendida. Y Ronda, como cuna del arte del toreo, se siente obligada a llevar a cabo este acontecimiento\u00a0como unos de sus orgullos m\u00e1s grandes, al sentir la Tauromaquia como propia y por haber servido a lo largo de la historia como una de las ciudades claves para el nacimiento de una de las expresiones art\u00edsticas m\u00e1s admiradas del mundo. Con ello, desde esta tierra emblem\u00e1tica, queremos seguir defendiendo nuestra Fiesta y ser fieles a su rica historia. Indudablemente no podemos abarcar todas las cuestiones, pero s\u00ed conformar un equipo de investigadores, cr\u00edticos, informadores, historiadores, profesionales del mundo del toro y aficionados para que cada dos a\u00f1os celebrar este encuentro y pongamos en com\u00fan lo m\u00e1s sobresaliente de esta manifestaci\u00f3n art\u00edstica a la que tanto amamos.<\/p>\n<p>Con la finalidad de que toda transcurra ordenadamente dictamos las siguientes normas para los congresistas, que rogamos cumplan con exactitud.<\/p>\n<h4><u>Material del Congresista<\/u>.-<\/h4>\n<p>&#8211; Credencial de cord\u00f3n, carpeta, folios con membrete, bol\u00edgrafo, programa de mano, cat\u00e1logo, regalo y \u00a0Normas del Congreso.<\/p>\n<p>&#8211;\u00a0Bolsa congresista:\u00a0Diploma de asistencia.\u00a0Regalo a congresista.\u00a0Asistencia a ponencias y mesas de debate.\u00a0Asistencia al tentadero.\u00a0Traslados en autob\u00fas a la ganader\u00eda para la jornada de campo.\u00a0Visitas guiadas por la ciudad.\u00a0C\u00f3ctel-cena de bienvenida jornada inaugural.\u00a0Cena de Gala, entrega de Premios Tauromundo.\u00a0Comida de clausura tras el tentadero.<\/p>\n<h4><u>Derechos del Congresista<\/u>.-<\/h4>\n<p>\u263c El Congresista inscrito tendr\u00e1 derecho a la asistencia a todas las ponencias y comunicaciones de\u00a0la Bienal, a recibir el material expuesto en la Inscripci\u00f3n, a la asistencia a la asistencia de los c\u00f3cteles y refrigerios programados\u00a0y a participar en todas las Actividades Paralelas organizadas. As\u00ed como a intervenir en los debates que se abran despu\u00e9s de cada ponencia y\/o comunicaci\u00f3n y Mesas de Debate.<\/p>\n<p>\u263c El Congresista inscrito recibir\u00e1 un Diploma y\/o Certificado de asistencia, siempre que la misma supere el 80% de las horas del Congreso. A tal efecto, todos los d\u00edas, ma\u00f1ana y tarde, deber\u00e1 firmar su asistencia en las hojas de control que estar\u00e1n en la mesa de control situada junto a una de las puertas de entrada a Sal\u00f3n de Actos. La entrega de dichos diplomas y\/o certificados se realizar\u00e1 inmediatamente despu\u00e9s de la ceremonia de Clausura.<\/p>\n<h4><u>Deberes del Congresista<\/u>.-<\/h4>\n<p><strong>\u263c<\/strong> Es absolutamente necesario que el congresista est\u00e9 continuamente identificado con su credencial en un lugar visible de la parte superior de su cuerpo.<\/p>\n<p><strong>\u263c<\/strong> El congresista deber\u00e1 acudir con puntualidad a cada una de las conferencias programadas. Ha de tener en cuenta que las puertas delantera del Sal\u00f3n de Actos permanecer\u00e1 cerrada durante las intervenciones de los ponentes, y \u00fanicamente se podr\u00e1 acceder justificando su tardanza y\u00a0con sumo cuidado para no molestar.<\/p>\n<h4><u>Actividades Paralelas<\/u>.-<\/h4>\n<p><strong>\u263c<\/strong> El viernes\u00a0se organizar\u00e1 un c\u00f3ctel-cena de bienvenida, donde departiremos la organizaci\u00f3n y los ponentes.<\/p>\n<p><strong>\u263c <\/strong>El s\u00e1bado habr\u00e1 un refrigerio y una comida campera, as\u00ed como una Cena de Gala\u00a0donde se entregar\u00e1n los Premios Tauromundo.<\/p>\n<p><strong>\u263c<\/strong> El domingo se ha organizado\u00a0un c\u00f3ctel de despedida, a mediod\u00eda, despu\u00e9s de los actos de clausura.<\/p>\n<p><strong>\u263c<\/strong> Durante los d\u00edas dela Bienal, el congresista podr\u00e1 acceder gratis, a todas las exposiciones organizadas para la Bienal: Exposici\u00f3n Fotogr\u00e1fica, Exposici\u00f3n de Pinturas, Exposici\u00f3n de Esculturas\u00a0y visitas programadas.<\/p>\n<p><strong>Advertencia.-<\/strong><\/p>\n<p>La\u00a0direcci\u00f3n de la Bienal se reserva el derecho de alterar el programa sin cambiar los contenidos debido a causas sobrevenidas.<\/p>\n","protected":false},"excerpt":{"rendered":"<p>NORMAS PARA LOS CONGRESISTAS DERECHOS Y DEBERESIntroducci\u00f3n.- La Bienal Internacional de la Tauromaquia pretende ser una ventana abierta al mundo, donde cada dos a\u00f1os tratemos en profundidad la historia y la actualidad del toreo, en estos momentos de dificultad para nuestra Fiesta Nacional, y que nos servir\u00e1 para reivindicarla como un hecho cultural y art\u00edstico,<a class=\"moretag\" href=\"https:\/\/www.tauromundo.es\/?page_id=44\"><span class=\"screen-reader-text\">Leer m\u00e1s sobre Normas<\/span>[&#8230;]<\/a><\/p>\n","protected":false},"author":1,"featured_media":880,"parent":0,"menu_order":0,"comment_status":"closed","ping_status":"closed","template":"","meta":{"two_page_speed":[],"footnotes":""},"class_list":["post-44","page","type-page","status-publish","has-post-thumbnail","hentry"],"_links":{"self":[{"href":"https:\/\/www.tauromundo.es\/index.php?rest_route=\/wp\/v2\/pages\/44","targetHints":{"allow":["GET"]}}],"collection":[{"href":"https:\/\/www.tauromundo.es\/index.php?rest_route=\/wp\/v2\/pages"}],"about":[{"href":"https:\/\/www.tauromundo.es\/index.php?rest_route=\/wp\/v2\/types\/page"}],"author":[{"embeddable":true,"href":"https:\/\/www.tauromundo.es\/index.php?rest_route=\/wp\/v2\/users\/1"}],"replies":[{"embeddable":true,"href":"https:\/\/www.tauromundo.es\/index.php?rest_route=%2Fwp%2Fv2%2Fcomments&post=44"}],"version-history":[{"count":10,"href":"https:\/\/www.tauromundo.es\/index.php?rest_route=\/wp\/v2\/pages\/44\/revisions"}],"predecessor-version":[{"id":1457,"href":"https:\/\/www.tauromundo.es\/index.php?rest_route=\/wp\/v2\/pages\/44\/revisions\/1457"}],"wp:featuredmedia":[{"embeddable":true,"href":"https:\/\/www.tauromundo.es\/index.php?rest_route=\/wp\/v2\/media\/880"}],"wp:attachment":[{"href":"https:\/\/www.tauromundo.es\/index.php?rest_route=%2Fwp%2Fv2%2Fmedia&parent=44"}],"curies":[{"name":"wp","href":"https:\/\/api.w.org\/{rel}","templated":true}]}}