{"id":46,"date":"2016-12-25T19:46:23","date_gmt":"2016-12-25T19:46:23","guid":{"rendered":"http:\/\/www.tauromundo.es\/?page_id=46"},"modified":"2017-02-04T11:03:36","modified_gmt":"2017-02-04T11:03:36","slug":"blog","status":"publish","type":"page","link":"https:\/\/www.tauromundo.es\/?page_id=46","title":{"rendered":"Historia"},"content":{"rendered":"<h2><strong><img loading=\"lazy\" decoding=\"async\" class=\"alignleft wp-image-929 size-medium\" src=\"http:\/\/www.tauromundo.es\/wp-content\/uploads\/2016\/12\/pedroromero-175x300.png\" width=\"175\" height=\"300\" srcset=\"https:\/\/www.tauromundo.es\/wp-content\/uploads\/2016\/12\/pedroromero-175x300.png 175w, https:\/\/www.tauromundo.es\/wp-content\/uploads\/2016\/12\/pedroromero-597x1024.png 597w, https:\/\/www.tauromundo.es\/wp-content\/uploads\/2016\/12\/pedroromero.png 709w\" sizes=\"auto, (max-width: 175px) 100vw, 175px\" \/>RONDA EN EL TOREO<\/strong><\/h2>\n<p>Ronda supone en la historia de la Tauromaquia un hito de grand\u00edsima trascendencia. Cuando nuestro insigne Pedro Romero toreaba, el toreo ya se hab\u00eda inventado much\u00edsimo a\u00f1os antes, hac\u00eda siglos. Pero con la llegada de los Romeros de Ronda, se esculpen las reglas que encauzar\u00e1n el toreo a lo que es hoy.<\/p>\n<p>Su abuelo Francisco, en 1726, es el primero que se baja del caballo y se enfrenta a un toro a pie. Y este hecho tiene lugar en Ronda. Despu\u00e9s vendr\u00e1 la muleta y la faena previa a la muerte, la profesionalizaci\u00f3n de los toreros y el espect\u00e1culo como una gran fiesta popular. Y todo esto se inicia en Ronda. Y\u00a0 lo que realmente invent\u00f3 Pedro Romero, y esa es su grandeza, fue <strong>el arte del toreo a pie<\/strong>. Esa es la frase correcta o m\u00e1s exacta, y adem\u00e1s much\u00edsima m\u00e1s significativa: convertir lo que hasta entonces era un espect\u00e1culo b\u00e1rbaro de toreros-gladiadores, matatoros, de contienda entre una bestia y el hombre sin est\u00e9tica alguna, en todo un <strong>Arte<\/strong> donde empez\u00f3 a conjugarse la t\u00e9cnica y la belleza. Esto es lo que convierte a nuestro paisano en un ser absolutamente excepcional, no s\u00f3lo en la historia de la Tauromaquia sino en la historia de las Bellas Artes, porque as\u00ed es como hay que entender el toreo.<\/p>\n<p>Pedro Romero es el primero que deja patente, tanto en el ruedo como en el papel un concepto del toreo basado en la serena quietud y en el temple. Es el que esculpe en los cimientos de la Tauromaquia las reglas b\u00e1sicas por las que a partir de entonces ha de regirse el toreo. Y entre ellas, una absolutamente fundamental: <em>\u201cEl torero no deber\u00e1 contar nunca con sus pies, sino s\u00f3lo con sus manos\u201d<\/em>.<\/p>\n<p>La lidia cl\u00e1sica renunciaba a sus planteamientos de lucha, y a partir de entonces el objetivo de dominar al toro se encauzaba por una v\u00eda menos dura y mucho m\u00e1s est\u00e9tica y \u00e9tica: esperando al toro cara a cara y a pie firme y mat\u00e1ndole cuerpo a cuerpo.<\/p>\n<p><em>\u201cParar los pies y dejarse coger, \u00e9ste es el modo de que los toros se consientan y se descubran\u201d<\/em>, como la \u00fanica forma de fijarlos en el enga\u00f1o para que humillen o se declaren. Ah\u00ed radica la verdad de la concepci\u00f3n ronde\u00f1a del toreo: en consentirle, pero dentro de unas normas que va a permitir dominarlos. Quedarse quieto y aguantar sin enmendarse es indispensable para que el toro no pierda la fijaci\u00f3n en el enga\u00f1o, de lo contrario el dominio pasar\u00eda al toro. Y todo d\u00e1ndole el sitio al animal, su distancia. Y si a todo esto le sumamos el sentimiento, estaremos pues ante un torero de privilegio, a los que no todos tienen acceso.<\/p>\n<p><strong>Ronda, cuna del arte del toreo<\/strong>. Y Cuna no significa nacimiento, sino crianza, por consiguiente tal afirmaci\u00f3n sobre Ronda es acertada, pues aqu\u00ed es donde se fragua y crece el arte de torear. Pero hay que dejar constancia, en honor a la verdad hist\u00f3rica, que esta Cuna del Toreo es compartida con Sevilla, de cuyas competencias fueron part\u00edcipes los Romero por un lado, y los Costillares y Pepe Hillo por otro.<\/p>\n<p>Y a\u00fan hoy,\u00a0 salvando las distancias, siguen sirviendo de referencia para catalogar a los toreros a la hora de conceptuar su arte: Escuela Sevillana o Escuela Ronde\u00f1a, dos formas diferentes de entender el arte del toreo a pie. Reconociendo, por otro lado, la evoluci\u00f3n ecl\u00e9ctica del toreo, pero siempre ha quedado en el subconsciente la inclinaci\u00f3n por una de estas dos concepciones.<\/p>\n<p style=\"text-align: right;\"><em>Faustino Peralta Carrasco<\/em><\/p>\n<p>&nbsp;<\/p>\n<p>&nbsp;<\/p>\n<h2><strong><img loading=\"lazy\" decoding=\"async\" class=\"alignleft wp-image-930 size-medium\" src=\"http:\/\/www.tauromundo.es\/wp-content\/uploads\/2016\/12\/logo_foto_tauromundo2-219x300.png\" width=\"219\" height=\"300\" srcset=\"https:\/\/www.tauromundo.es\/wp-content\/uploads\/2016\/12\/logo_foto_tauromundo2-219x300.png 219w, https:\/\/www.tauromundo.es\/wp-content\/uploads\/2016\/12\/logo_foto_tauromundo2.png 724w\" sizes=\"auto, (max-width: 219px) 100vw, 219px\" \/>LA BIENAL INTERNACIONAL DE LA TAUROMAQUIA<\/strong><\/h2>\n<p>Celebrar la Bienal Mundial de la Tauromaquia, era algo absolutamente necesario e imprescindible en el mundo taurino, y ten\u00eda que ser en Ronda con su Maestranza y sus dinast\u00edas toreras de los Romero y los Ord\u00f3\u00f1ez, donde el toreo forma parte de nuestro Patrimonio Art\u00edstico e Hist\u00f3rico, al cual, como herederos que somos de \u00e9l, hemos de cuidar, fomentar y ense\u00f1ar, y exigir el amparo que por tradici\u00f3n y lugar hist\u00f3rico en la Tauromaquia, nos corresponde y nos merecemos.<\/p>\n<p>Las Reales Maestranzas son corporaciones nobiliarias que nacieron con la vocaci\u00f3n de ser un instrumento clave para la defensa de los intereses de la Monarqu\u00eda y sobre todo para que los caballeros se ejercitasen en el arte de la equitaci\u00f3n y la guerra. En Ronda, fueron las necesidades de defensa del territorio las que provocaron que Felipe II fundase en 1572 la Real Maestranza de Caballer\u00eda de Ronda, la m\u00e1s antigua de Espa\u00f1a. Para cumplir con su cometido, este cuerpo dedic\u00f3 un espacio de la ciudad a los ejercicios ecuestres, entre los cuales, como es tradicional en Espa\u00f1a desde la Edad Media, se incluyeron los juegos con toros. La bravura de este animal, su \u00edmpetu indomable, su nervio y su fuerza se convirtieron en el enemigo preferido de los caballeros, los cuales, podr\u00edan mostrar ante semejante animal su bizarr\u00eda, su inteligencia, su maestr\u00eda y hasta el poder\u00edo de su her\u00e1ldica.<\/p>\n<p>Destronado el toreo caballeresco, a principios del siglo XVIII, toman el protagonismo los toreros a pie. Gente de pueblo arrojada y hecha a s\u00ed misma que se ganan el fervor popular por su atrevimiento y buen oficio. Desde el comienzo, Ronda estuvo presente en este nuevo juego popular, pues la familia de los Romero marc\u00f3 un antes y un despu\u00e9s en la evoluci\u00f3n de esta nueva Tauromaquia, sobre todo, Pedro Romero (1754-1839). Figura cumbre por su valent\u00eda, capacidad capotera y efectividad con la espada. Cuenta la leyenda que se retir\u00f3 despu\u00e9s de estoquear m\u00e1s de 5.600 toros, sin recibir el m\u00e1s m\u00ednimo rasgu\u00f1o. Su personalidad consigui\u00f3 que su oficio alcanzara respeto y dignidad social, al reunir valor, destreza y sentido est\u00e9tico, hasta tal punto que \u00e9l y su hermano Jos\u00e9 Romero fueron retratados por Goya.<\/p>\n<p>En el siglo XX, los Ord\u00f3\u00f1ez se convierten en la aportaci\u00f3n de Ronda m\u00e1s importante a la historia de la Tauromaquia de la \u00faltima centuria. Las dos figuras fundamentales fueron Cayetano Ord\u00f3\u00f1ez \u201cNi\u00f1o de la Palma\u201d (1904-1961) y su hijo Antonio Ord\u00f3\u00f1ez (1932-1998), que despertaron, por su manera de concebir el toreo, el inter\u00e9s de personalidades tan universales como el cineasta Orson Welles y el escritor Ernest Hemingway, de cuya pluma salieron obras fundamentales de la literatura universal como \u201cFiesta\u201d,\u00a0 \u201cMuerte en la tarde\u201d y \u201cVerano Sangriento\u201d.<\/p>\n<p>Pero, sin duda, el gran matrimonio entre Ronda y los Ord\u00f3\u00f1ez viene por la Corrida Goyesca. El maestro Antonio Ord\u00f3\u00f1ez la impuls\u00f3, la cuid\u00f3, la mim\u00f3 y la prestigi\u00f3 con su presencia, a partir del a\u00f1o 1954, fecha en la que se celebra por primera vez con motivo de la conmemoraci\u00f3n del II centenario del nacimiento de Pedro Romero. Hoy las corridas goyescas se han multiplicado por toda Espa\u00f1a, pero la genuina, la aut\u00e9ntica, la que cobra su verdadero sentido, la Goyesca con may\u00fasculas es\u2026 la que se celebra en Ronda el primer fin de semana de septiembre. En la actualidad es un acontecimiento de primer orden en todos los sentidos y no s\u00f3lo en el taurino, gracias a la labor impagable de los nietos del maestro de Ronda, Francisco y Cayetano Rivera Ord\u00f3\u00f1ez.<\/p>\n<p>De la mano nuevamente de un torero ronde\u00f1o, Rafael Tejada, ahora en pleno siglo XXI, Ronda vuelve a situarse en la vanguardia del toreo. Se trata de Reservatauro, el primer <b>Centro de Interpretaci\u00f3n de la Tauromaqui<\/b>a. Donde diaramente abre suss puertas este hermoso paraje donde contemplar el toro bravo en libertad y rendir tributo a la importancia de Ronda en la historia de la Tauromaquia.<\/p>\n<p>Estos breves pero intensos argumentos justifican plenamente que Ronda, en tanto que fuente y cuna del toreo, se sienta obligada en unos momentos de zozobra e incertidumbre a seguir defendiendo la Fiesta de los Toros con la organizaci\u00f3n de esta Bienal, con la que adem\u00e1s quiere ser fiel a su rica historia.<\/p>\n<p style=\"text-align: right;\"><em>Faustino Peralta Carrasco<\/em><\/p>\n","protected":false},"excerpt":{"rendered":"<p>RONDA EN EL TOREO Ronda supone en la historia de la Tauromaquia un hito de grand\u00edsima trascendencia. Cuando nuestro insigne Pedro Romero toreaba, el toreo ya se hab\u00eda inventado much\u00edsimo a\u00f1os antes, hac\u00eda siglos. Pero con la llegada de los Romeros de Ronda, se esculpen las reglas que encauzar\u00e1n el toreo a lo que es<a class=\"moretag\" href=\"https:\/\/www.tauromundo.es\/?page_id=46\"><span class=\"screen-reader-text\">Leer m\u00e1s sobre Historia<\/span>[&#8230;]<\/a><\/p>\n","protected":false},"author":1,"featured_media":0,"parent":0,"menu_order":0,"comment_status":"closed","ping_status":"closed","template":"","meta":{"two_page_speed":[],"footnotes":""},"class_list":["post-46","page","type-page","status-publish","hentry"],"_links":{"self":[{"href":"https:\/\/www.tauromundo.es\/index.php?rest_route=\/wp\/v2\/pages\/46","targetHints":{"allow":["GET"]}}],"collection":[{"href":"https:\/\/www.tauromundo.es\/index.php?rest_route=\/wp\/v2\/pages"}],"about":[{"href":"https:\/\/www.tauromundo.es\/index.php?rest_route=\/wp\/v2\/types\/page"}],"author":[{"embeddable":true,"href":"https:\/\/www.tauromundo.es\/index.php?rest_route=\/wp\/v2\/users\/1"}],"replies":[{"embeddable":true,"href":"https:\/\/www.tauromundo.es\/index.php?rest_route=%2Fwp%2Fv2%2Fcomments&post=46"}],"version-history":[{"count":8,"href":"https:\/\/www.tauromundo.es\/index.php?rest_route=\/wp\/v2\/pages\/46\/revisions"}],"predecessor-version":[{"id":1173,"href":"https:\/\/www.tauromundo.es\/index.php?rest_route=\/wp\/v2\/pages\/46\/revisions\/1173"}],"wp:attachment":[{"href":"https:\/\/www.tauromundo.es\/index.php?rest_route=%2Fwp%2Fv2%2Fmedia&parent=46"}],"curies":[{"name":"wp","href":"https:\/\/api.w.org\/{rel}","templated":true}]}}